{"id":308,"date":"2022-11-22T14:27:50","date_gmt":"2022-11-22T06:27:50","guid":{"rendered":"https:\/\/www.toner-master.com\/?page_id=308"},"modified":"2024-07-27T17:39:08","modified_gmt":"2024-07-27T09:39:08","slug":"blogs-news-details","status":"publish","type":"page","link":"https:\/\/www.toner-master.com\/fr\/blogs-news-details\/","title":{"rendered":"Blogs et actualit\u00e9s"},"content":{"rendered":"<div data-elementor-type=\"wp-page\" data-elementor-id=\"308\" class=\"elementor elementor-308\">\n\t\t\t\t\t\t\t\t\t<section class=\"elementor-section elementor-top-section elementor-element elementor-element-7fd09f2 elementor-section-boxed elementor-section-height-default elementor-section-height-default\" data-id=\"7fd09f2\" data-element_type=\"section\" data-settings=\"{&quot;background_background&quot;:&quot;classic&quot;}\">\n\t\t\t\t\t\t<div class=\"elementor-container elementor-column-gap-default\">\n\t\t\t\t\t<div class=\"elementor-column elementor-col-100 elementor-top-column elementor-element elementor-element-3118a27\" data-id=\"3118a27\" data-element_type=\"column\">\n\t\t\t<div class=\"elementor-widget-wrap elementor-element-populated\">\n\t\t\t\t\t\t\t\t<div class=\"elementor-element elementor-element-9642fae elementor-widget elementor-widget-MML Breadcrumbs\" data-id=\"9642fae\" data-element_type=\"widget\" data-settings=\"{&quot;breadcrumbs_type&quot;:&quot;post_type&quot;}\" data-widget_type=\"MML Breadcrumbs.default\">\n\t\t\t\t<div class=\"elementor-widget-container\">\n\t\t\t<ul class=\"pp-breadcrumbs pp-breadcrumbs-powerpack\">        <li class=\"pp-breadcrumbs-item pp-breadcrumbs-item-home\">\n            <a class=\"pp-breadcrumbs-crumb pp-breadcrumbs-crumb-link pp-breadcrumbs-crumb-home\" href=\"https:\/\/www.toner-master.com\/fr\" title=\"Accueil\">\n\t\t\t\t<span class=\"pp-breadcrumbs-text\">\n\t\t\t\t\t                        <span class=\"pp-icon\">\n\t\t\t\t\t\t\t<i aria-hidden=\"true\" class=\"fas fa-home\"><\/i>\t\t\t\t\t\t<\/span>\n                                        Accueil\t\t\t\t<\/span>\n            <\/a>\n        <\/li>\n        <li class=\"pp-breadcrumbs-separator\">                <span class='pp-separator-icon pp-icon'>\n\t\t\t\t\t<i aria-hidden=\"true\" class=\"fas fa-angle-right\"><\/i>\t\t\t\t<\/span>\n                <\/li><\/ul>\t\t<\/div>\n\t\t\t\t<\/div>\n\t\t\t\t\t<\/div>\n\t\t<\/div>\n\t\t\t\t\t\t\t<\/div>\n\t\t<\/section>\n\t\t\t\t<section class=\"elementor-section elementor-top-section elementor-element elementor-element-4435bda4 elementor-section-boxed elementor-section-height-default elementor-section-height-default\" data-id=\"4435bda4\" data-element_type=\"section\">\n\t\t\t\t\t\t<div class=\"elementor-container elementor-column-gap-default\">\n\t\t\t\t\t<div class=\"elementor-column elementor-col-50 elementor-top-column elementor-element elementor-element-3438ae29\" data-id=\"3438ae29\" data-element_type=\"column\">\n\t\t\t<div class=\"elementor-widget-wrap elementor-element-populated\">\n\t\t\t\t\t\t\t\t<div class=\"elementor-element elementor-element-4433073 elementor-widget elementor-widget-heading\" data-id=\"4433073\" data-element_type=\"widget\" data-widget_type=\"heading.default\">\n\t\t\t\t<div class=\"elementor-widget-container\">\n\t\t\t<h2 class=\"elementor-heading-title elementor-size-default\">Nous apportons des solutions num\u00e9riques percutantes<\/h2>\t\t<\/div>\n\t\t\t\t<\/div>\n\t\t\t\t<div class=\"elementor-element elementor-element-3990a50 elementor-widget elementor-widget-image\" data-id=\"3990a50\" data-element_type=\"widget\" data-widget_type=\"image.default\">\n\t\t\t\t<div class=\"elementor-widget-container\">\n\t\t\t\t\t\t\t\t\t\t\t\t\t\t\t<img width=\"1001\" height=\"600\" src=\"https:\/\/www.toner-master.com\/wp-content\/uploads\/2022\/11\/Group-263.png\" class=\"attachment-large size-large wp-image-1566\" alt=\"Groupe 263\" loading=\"lazy\" srcset=\"https:\/\/www.toner-master.com\/wp-content\/uploads\/2022\/11\/Group-263.png 1001w, https:\/\/www.toner-master.com\/wp-content\/uploads\/2022\/11\/Group-263-600x360.png 600w, https:\/\/www.toner-master.com\/wp-content\/uploads\/2022\/11\/Group-263-768x460.png 768w\" sizes=\"(max-width: 1001px) 100vw, 1001px\" \/>\t\t\t\t\t\t\t\t\t\t\t\t\t\t\t<\/div>\n\t\t\t\t<\/div>\n\t\t\t\t<div class=\"elementor-element elementor-element-9e01493 elementor-widget elementor-widget-heading\" data-id=\"9e01493\" data-element_type=\"widget\" data-widget_type=\"heading.default\">\n\t\t\t\t<div class=\"elementor-widget-container\">\n\t\t\t<h3 class=\"elementor-heading-title elementor-size-default\">Lorem ipsum<\/h3>\t\t<\/div>\n\t\t\t\t<\/div>\n\t\t\t\t<div class=\"elementor-element elementor-element-25a7932 elementor-widget elementor-widget-text-editor\" data-id=\"25a7932\" data-element_type=\"widget\" data-widget_type=\"text-editor.default\">\n\t\t\t\t<div class=\"elementor-widget-container\">\n\t\t\t\t\t\t\t<p>Lorem ipsum dolor amet locavore prism mumblecore art party 90's taiyaki vegan church-key direct trade ugh you probably haven't heard of them hot chicken tbh post-ironic. Farm-to-table organic humblebrag pork belly man braid fingerstache asymmetrical sustainable green juice. Vape lomo jianbing mlkshk prism. Butcher 3 wolf moon bicycle rights hashtag cred scenester flannel tacos pop-up cardigan post-ironic bitters marfa photo booth letterpress.<\/p>\t\t\t\t\t\t<\/div>\n\t\t\t\t<\/div>\n\t\t\t\t<div class=\"elementor-element elementor-element-3a35361 elementor-widget elementor-widget-heading\" data-id=\"3a35361\" data-element_type=\"widget\" data-widget_type=\"heading.default\">\n\t\t\t\t<div class=\"elementor-widget-container\">\n\t\t\t<h3 class=\"elementor-heading-title elementor-size-default\">Hashtag fam knausgaard dreamcatcher banjo.<\/h3>\t\t<\/div>\n\t\t\t\t<\/div>\n\t\t\t\t<div class=\"elementor-element elementor-element-2566a0c elementor-widget elementor-widget-text-editor\" data-id=\"2566a0c\" data-element_type=\"widget\" data-widget_type=\"text-editor.default\">\n\t\t\t\t<div class=\"elementor-widget-container\">\n\t\t\t\t\t\t\t<p>Messenger bag deep v quinoa air plant bicycle rights iPhone pabst YOLO hexagonale. Livre de coloriage de barbe DIY forage jianbing boire du vinaigre. Literally church-key raw denim, cronut migas ethical jianbing polaroid hella pickled keffiyeh man braid messenger bag bespoke letterpress.<\/p>\t\t\t\t\t\t<\/div>\n\t\t\t\t<\/div>\n\t\t\t\t<div class=\"elementor-element elementor-element-3a30035 elementor-widget elementor-widget-heading\" data-id=\"3a30035\" data-element_type=\"widget\" data-widget_type=\"heading.default\">\n\t\t\t\t<div class=\"elementor-widget-container\">\n\t\t\t<h3 class=\"elementor-heading-title elementor-size-default\">Moustache r\u00e9tro s\u00e9miotique palo<\/h3>\t\t<\/div>\n\t\t\t\t<\/div>\n\t\t\t\t<div class=\"elementor-element elementor-element-f3a059a elementor-widget elementor-widget-text-editor\" data-id=\"f3a059a\" data-element_type=\"widget\" data-widget_type=\"text-editor.default\">\n\t\t\t\t<div class=\"elementor-widget-container\">\n\t\t\t\t\t\t\t<p>Moustache r\u00e9tro s\u00e9miotique palo santo loup crucifix jus vert pain nuage \u00e9thique. Kombucha sur mesure tilde loup. Moutache \u00e9bouriff\u00e9e godard four dollar toast viral flexitarian subway tile leggings. Seitan kombucha raclette snackwave narwhal tacos beard. Brooklyn next level DIY ugh vous n'avez probablement pas entendu parler d'eux shaman umami neutra mixtape scenester chia. Authentic gochujang iPhone cliche pitchfork, ramps you probably haven't heard of them humblebrag beard jean shorts air plant dreamcatcher forage 90's glossier. Shaman yr flexitarian occupy hot chicken lo-fi.<\/p>\t\t\t\t\t\t<\/div>\n\t\t\t\t<\/div>\n\t\t\t\t<div class=\"elementor-element elementor-element-49de8bf elementor-widget elementor-widget-heading\" data-id=\"49de8bf\" data-element_type=\"widget\" data-widget_type=\"heading.default\">\n\t\t\t\t<div class=\"elementor-widget-container\">\n\t\t\t<h3 class=\"elementor-heading-title elementor-size-default\">En fait, shoreditch lyft selvage mlkshk.<\/h3>\t\t<\/div>\n\t\t\t\t<\/div>\n\t\t\t\t<div class=\"elementor-element elementor-element-875e277 elementor-widget elementor-widget-text-editor\" data-id=\"875e277\" data-element_type=\"widget\" data-widget_type=\"text-editor.default\">\n\t\t\t\t<div class=\"elementor-widget-container\">\n\t\t\t\t\t\t\t<p>Le camion de nourriture salvia roof party, man bun irony chicharrones pickled lo-fi vinyl locavore shoreditch succulents skateboard. Humblebrag kickstarter bitters, man braid live-edge hot chicken hella. +1 vous n'avez probablement pas entendu parler d'eux health goth, enamel pin drinking vinegar readymade vegan poutine tofu DIY lo-fi. Coloring book hammock vinyl, af shoreditch brunch gentrify sustainable freegan mumblecore sriracha. La m\u00e9ditation, la f\u00eate de l'art, l'artisan r\u00e9tro, le sac banane. Ugh brooklyn pour-over charbon actif hoodie raclette skateboard chia sustainable lomo forage small batch.<\/p>\t\t\t\t\t\t<\/div>\n\t\t\t\t<\/div>\n\t\t\t\t<div class=\"elementor-element elementor-element-b3e3be7 elementor-widget elementor-widget-heading\" data-id=\"b3e3be7\" data-element_type=\"widget\" data-widget_type=\"heading.default\">\n\t\t\t\t<div class=\"elementor-widget-container\">\n\t\t\t<h3 class=\"elementor-heading-title elementor-size-default\">Street art bushwick<\/h3>\t\t<\/div>\n\t\t\t\t<\/div>\n\t\t\t\t<div class=\"elementor-element elementor-element-cf3d0b1 elementor-widget elementor-widget-text-editor\" data-id=\"cf3d0b1\" data-element_type=\"widget\" data-widget_type=\"text-editor.default\">\n\t\t\t\t<div class=\"elementor-widget-container\">\n\t\t\t\t\t\t\t<p>Street art bushwick hamac live-edge woke direct trade. Yuccie mixtape neutra hell of. Vape brooklyn vegan try-hard. Ennui chartreuse cronut viral sartorial \u00e9thique truffaut chambray salvia tofu shoreditch. Wayfarers l'enfer de la machine \u00e0 \u00e9crire lo-fi kinfolk chambray.<\/p>\t\t\t\t\t\t<\/div>\n\t\t\t\t<\/div>\n\t\t\t\t<div class=\"elementor-element elementor-element-147f3b6 elementor-widget elementor-widget-heading\" data-id=\"147f3b6\" data-element_type=\"widget\" data-widget_type=\"heading.default\">\n\t\t\t\t<div class=\"elementor-widget-container\">\n\t\t\t<h3 class=\"elementor-heading-title elementor-size-default\">Merveilleux ! Partager ce cas :<\/h3>\t\t<\/div>\n\t\t\t\t<\/div>\n\t\t\t\t<div class=\"elementor-element elementor-element-62312e33 elementor-share-buttons--view-icon-text elementor-share-buttons--skin-gradient elementor-share-buttons--shape-square elementor-grid-0 elementor-share-buttons--color-official elementor-widget elementor-widget-share-buttons\" data-id=\"62312e33\" data-element_type=\"widget\" data-widget_type=\"share-buttons.default\">\n\t\t\t\t<div class=\"elementor-widget-container\">\n\t\t\t\t\t<div class=\"elementor-grid\">\n\t\t\t\t\t\t\t\t<div class=\"elementor-grid-item\">\n\t\t\t\t\t\t<div class=\"elementor-share-btn elementor-share-btn_facebook\">\n\t\t\t\t\t\t\t\t\t\t\t\t\t\t\t<span class=\"elementor-share-btn__icon\">\n\t\t\t\t\t\t\t\t<i class=\"fab fa-facebook\" aria-hidden=\"true\"><\/i>\t\t\t\t\t\t\t\t<span\n\t\t\t\t\t\t\t\t\tclass=\"elementor-screen-only\">Partager sur facebook<\/span>\n\t\t\t\t\t\t\t<\/span>\n\t\t\t\t\t\t\t\t\t\t\t\t\t\t\t\t\t\t\t\t\t\t<div class=\"elementor-share-btn__text\">\n\t\t\t\t\t\t\t\t\t\t\t\t\t\t\t\t\t\t\t<span class=\"elementor-share-btn__title\">\n\t\t\t\t\t\t\t\t\t\tFacebook\t\t\t\t\t\t\t\t\t<\/span>\n\t\t\t\t\t\t\t\t\t\t\t\t\t\t\t\t\t<\/div>\n\t\t\t\t\t\t\t\t\t\t\t\t\t<\/div>\n\t\t\t\t\t<\/div>\n\t\t\t\t\t\t\t\t\t<div class=\"elementor-grid-item\">\n\t\t\t\t\t\t<div class=\"elementor-share-btn elementor-share-btn_twitter\">\n\t\t\t\t\t\t\t\t\t\t\t\t\t\t\t<span class=\"elementor-share-btn__icon\">\n\t\t\t\t\t\t\t\t<i class=\"fab fa-twitter\" aria-hidden=\"true\"><\/i>\t\t\t\t\t\t\t\t<span\n\t\t\t\t\t\t\t\t\tclass=\"elementor-screen-only\">Partager sur twitter<\/span>\n\t\t\t\t\t\t\t<\/span>\n\t\t\t\t\t\t\t\t\t\t\t\t\t\t\t\t\t\t\t\t\t\t<div class=\"elementor-share-btn__text\">\n\t\t\t\t\t\t\t\t\t\t\t\t\t\t\t\t\t\t\t<span class=\"elementor-share-btn__title\">\n\t\t\t\t\t\t\t\t\t\tTwitter\t\t\t\t\t\t\t\t\t<\/span>\n\t\t\t\t\t\t\t\t\t\t\t\t\t\t\t\t\t<\/div>\n\t\t\t\t\t\t\t\t\t\t\t\t\t<\/div>\n\t\t\t\t\t<\/div>\n\t\t\t\t\t\t\t\t\t<div class=\"elementor-grid-item\">\n\t\t\t\t\t\t<div class=\"elementor-share-btn elementor-share-btn_linkedin\">\n\t\t\t\t\t\t\t\t\t\t\t\t\t\t\t<span class=\"elementor-share-btn__icon\">\n\t\t\t\t\t\t\t\t<i class=\"fab fa-linkedin\" aria-hidden=\"true\"><\/i>\t\t\t\t\t\t\t\t<span\n\t\t\t\t\t\t\t\t\tclass=\"elementor-screen-only\">Partager sur linkedin<\/span>\n\t\t\t\t\t\t\t<\/span>\n\t\t\t\t\t\t\t\t\t\t\t\t\t\t\t\t\t\t\t\t\t\t<div class=\"elementor-share-btn__text\">\n\t\t\t\t\t\t\t\t\t\t\t\t\t\t\t\t\t\t\t<span class=\"elementor-share-btn__title\">\n\t\t\t\t\t\t\t\t\t\tLinkedIn\t\t\t\t\t\t\t\t\t<\/span>\n\t\t\t\t\t\t\t\t\t\t\t\t\t\t\t\t\t<\/div>\n\t\t\t\t\t\t\t\t\t\t\t\t\t<\/div>\n\t\t\t\t\t<\/div>\n\t\t\t\t\t\t<\/div>\n\t\t\t\t<\/div>\n\t\t\t\t<\/div>\n\t\t\t\t\t<\/div>\n\t\t<\/div>\n\t\t\t\t<div class=\"elementor-column elementor-col-50 elementor-top-column elementor-element elementor-element-47702d4e elementor-hidden-mobile\" data-id=\"47702d4e\" data-element_type=\"column\">\n\t\t\t<div class=\"elementor-widget-wrap elementor-element-populated\">\n\t\t\t\t\t\t\t\t<div class=\"elementor-element elementor-element-65c2bf44 elementor-widget elementor-widget-heading\" data-id=\"65c2bf44\" data-element_type=\"widget\" data-widget_type=\"heading.default\">\n\t\t\t\t<div class=\"elementor-widget-container\">\n\t\t\t<h2 class=\"elementor-heading-title elementor-size-default\">Articles connexes<\/h2>\t\t<\/div>\n\t\t\t\t<\/div>\n\t\t\t\t<div class=\"elementor-element elementor-element-3a35831e elementor-grid-1 elementor-grid-tablet-1 elementor-grid-mobile-1 elementor-widget elementor-widget-pp-posts\" data-id=\"3a35831e\" data-element_type=\"widget\" data-widget_type=\"pp-posts.classic\">\n\t\t\t\t<div class=\"elementor-widget-container\">\n\t\t\t\t\t<div class=\"pp-posts-container\">\n\t\t\t\n\t\t\t\t\t\t\t\t\t\t\n\t\t\t<div class=\"pp-posts pp-posts-skin-classic pp-elementor-grid pp-posts-grid\" data-query-type=\"custom\" data-layout=\"grid\" data-page=\"308\" data-skin=\"classic\">\n\t\t\t\t\t\t\t\t\t\t\t<div class=\"pp-post-wrap pp-grid-item-wrap post-41359 post type-post status-publish format-standard has-post-thumbnail hentry category-category-1\">\n\t\t\t\t\t\t<div class=\"pp-post pp-grid-item\">\n\t\t\t\t\n\t\t\t\t\n\t\t\t\t<div class=\"pp-post-content\">\n\t\t\t\t\t\t\t\t\t\t\t<h4 class=\"pp-post-title\">\n\t\t\t\t<a href=\"https:\/\/www.toner-master.com\/fr\/valuable-insights-from-our-friend-and-partner-gilbert-from-zambia%ef%bf%bc\/\">Des id\u00e9es pr\u00e9cieuses de notre ami et partenaire, Gilbert de Zambie\ufffc<\/a>\t\t\t<\/h4>\n\t\t\t\t\t\t\t<\/div>\n\n\t\t\t\t\t\t\t<\/div>\n\t\t\t\t\t<\/div>\n\t\t\t\t<div class=\"pp-post-wrap pp-grid-item-wrap post-41354 post type-post status-publish format-standard has-post-thumbnail hentry category-category-1\">\n\t\t\t\t\t\t<div class=\"pp-post pp-grid-item\">\n\t\t\t\t\n\t\t\t\t\n\t\t\t\t<div class=\"pp-post-content\">\n\t\t\t\t\t\t\t\t\t\t\t<h4 class=\"pp-post-title\">\n\t\t\t\t<a href=\"https:\/\/www.toner-master.com\/fr\/welcoming-new-friends-from-burkina-faso-a-visit-built-on-trust%ef%bf%bc\/\">Accueillir de nouveaux amis du Burkina Faso : Une visite bas\u00e9e sur la confiance\ufffc<\/a>\t\t\t<\/h4>\n\t\t\t\t\t\t\t<\/div>\n\n\t\t\t\t\t\t\t<\/div>\n\t\t\t\t\t<\/div>\n\t\t\t\t<div class=\"pp-post-wrap pp-grid-item-wrap post-41336 post type-post status-publish format-standard has-post-thumbnail hentry category-category-1\">\n\t\t\t\t\t\t<div class=\"pp-post pp-grid-item\">\n\t\t\t\t\n\t\t\t\t\n\t\t\t\t<div class=\"pp-post-content\">\n\t\t\t\t\t\t\t\t\t\t\t<h4 class=\"pp-post-title\">\n\t\t\t\t<a href=\"https:\/\/www.toner-master.com\/fr\/from-online-skepticism-to-in-person-trust-a-clients-journey-with-us\/\">Du scepticisme en ligne \u00e0 la confiance en personne : Le parcours d'un client<\/a>\t\t\t<\/h4>\n\t\t\t\t\t\t\t<\/div>\n\n\t\t\t\t\t\t\t<\/div>\n\t\t\t\t\t<\/div>\n\t\t\t\t<div class=\"pp-post-wrap pp-grid-item-wrap post-41327 post type-post status-publish format-standard has-post-thumbnail hentry category-category-1\">\n\t\t\t\t\t\t<div class=\"pp-post pp-grid-item\">\n\t\t\t\t\n\t\t\t\t\n\t\t\t\t<div class=\"pp-post-content\">\n\t\t\t\t\t\t\t\t\t\t\t<h4 class=\"pp-post-title\">\n\t\t\t\t<a href=\"https:\/\/www.toner-master.com\/fr\/breaking-the-ice-from-a-simple-shared-enjoyment-of-the-boiled-fish-with-sichuan-pickles\/\">Briser la glace \u00e0 partir d'un simple plaisir partag\u00e9 du poisson bouilli aux cornichons du Sichuan<\/a>\t\t\t<\/h4>\n\t\t\t\t\t\t\t<\/div>\n\n\t\t\t\t\t\t\t<\/div>\n\t\t\t\t\t<\/div>\n\t\t\t\t<div class=\"pp-post-wrap pp-grid-item-wrap post-41321 post type-post status-publish format-standard has-post-thumbnail hentry category-category-1\">\n\t\t\t\t\t\t<div class=\"pp-post pp-grid-item\">\n\t\t\t\t\n\t\t\t\t\n\t\t\t\t<div class=\"pp-post-content\">\n\t\t\t\t\t\t\t\t\t\t\t<h4 class=\"pp-post-title\">\n\t\t\t\t<a href=\"https:\/\/www.toner-master.com\/fr\/from-online-contact-to-on-site-success\/\">Du contact en ligne au succ\u00e8s sur place<\/a>\t\t\t<\/h4>\n\t\t\t\t\t\t\t<\/div>\n\n\t\t\t\t\t\t\t<\/div>\n\t\t\t\t\t<\/div>\n\t\t\t\t<div class=\"pp-post-wrap pp-grid-item-wrap post-41317 post type-post status-publish format-standard has-post-thumbnail hentry category-category-1\">\n\t\t\t\t\t\t<div class=\"pp-post pp-grid-item\">\n\t\t\t\t\n\t\t\t\t\n\t\t\t\t<div class=\"pp-post-content\">\n\t\t\t\t\t\t\t\t\t\t\t<h4 class=\"pp-post-title\">\n\t\t\t\t<a href=\"https:\/\/www.toner-master.com\/fr\/more-than-business-partners-a-friendship-across-continents\/\">Plus que des partenaires commerciaux : Une amiti\u00e9 \u00e0 travers les continents<\/a>\t\t\t<\/h4>\n\t\t\t\t\t\t\t<\/div>\n\n\t\t\t\t\t\t\t<\/div>\n\t\t\t\t\t<\/div>\n\t\t\t\t\t\t\t\t\t<\/div>\n\t\t\t\n\t\t\t\n\t\t\t\n\t\t\t\n\t\t\t\t\t\t\t\t\t\t\t\t<\/div>\n\n\t\t\n\t\t\t\t<\/div>\n\t\t\t\t<\/div>\n\t\t\t\t\t<\/div>\n\t\t<\/div>\n\t\t\t\t\t\t\t<\/div>\n\t\t<\/section>\n\t\t\t\t\t\t\t<\/div>","protected":false},"excerpt":{"rendered":"<p>Home Nous apportons des solutions num\u00e9riques impactantes Lorem ipsum Lorem ipsum dolor amet locavore prism mumblecore art party 90's taiyaki vegan church-key direct trade ugh you probably haven't heard of them hot chicken tbh post-ironic. Farm-to-table organic humblebrag pork belly man braid fingerstache asymmetrical sustainable green juice. Vape lomo jianbing mlkshk prism. Le boucher 3 wolf moon [...]<\/p>","protected":false},"author":6,"featured_media":0,"parent":0,"menu_order":0,"comment_status":"closed","ping_status":"closed","template":"","meta":[],"acf":[],"yoast_head":"<!-- This site is optimized with the Yoast SEO plugin v19.8 - https:\/\/yoast.com\/wordpress\/plugins\/seo\/ -->\n<title>Blogs &amp; News | Toner Master<\/title>\n<meta name=\"description\" content=\"Stay updated with the latest news and details in the printing industry. Toner Master is the market leader in providing cost-effective printing solutions.\" \/>\n<meta name=\"robots\" content=\"index, follow, max-snippet:-1, max-image-preview:large, max-video-preview:-1\" \/>\n<link rel=\"canonical\" href=\"https:\/\/www.toner-master.com\/fr\/blogs-news-details\/\" \/>\n<meta property=\"og:locale\" content=\"fr_FR\" \/>\n<meta property=\"og:type\" content=\"article\" \/>\n<meta property=\"og:title\" content=\"Blogs &amp; News | Toner Master\" \/>\n<meta property=\"og:description\" content=\"Stay updated with the latest news and details in the printing industry. Toner Master is the market leader in providing cost-effective printing solutions.\" \/>\n<meta property=\"og:url\" content=\"https:\/\/www.toner-master.com\/fr\/blogs-news-details\/\" \/>\n<meta property=\"og:site_name\" content=\"Tonermaster\" \/>\n<meta property=\"article:modified_time\" content=\"2024-07-27T09:39:08+00:00\" \/>\n<meta property=\"og:image\" content=\"https:\/\/www.toner-master.com\/wp-content\/uploads\/2022\/11\/Group-263.png\" \/>\n<meta name=\"twitter:card\" content=\"summary_large_image\" \/>\n<meta name=\"twitter:label1\" content=\"Est. reading time\" \/>\n\t<meta name=\"twitter:data1\" content=\"15 minutes\" \/>\n<script type=\"application\/ld+json\" class=\"yoast-schema-graph\">{\"@context\":\"https:\/\/schema.org\",\"@graph\":[{\"@type\":\"WebPage\",\"@id\":\"https:\/\/www.toner-master.com\/blogs-news-details\/\",\"url\":\"https:\/\/www.toner-master.com\/blogs-news-details\/\",\"name\":\"Blogs & News | Toner Master\",\"isPartOf\":{\"@id\":\"https:\/\/www.toner-master.com\/#website\"},\"datePublished\":\"2022-11-22T06:27:50+00:00\",\"dateModified\":\"2024-07-27T09:39:08+00:00\",\"description\":\"Stay updated with the latest news and details in the printing industry. Toner Master is the market leader in providing cost-effective printing solutions.\",\"breadcrumb\":{\"@id\":\"https:\/\/www.toner-master.com\/blogs-news-details\/#breadcrumb\"},\"inLanguage\":\"fr-FR\",\"potentialAction\":[{\"@type\":\"ReadAction\",\"target\":[\"https:\/\/www.toner-master.com\/blogs-news-details\/\"]}]},{\"@type\":\"BreadcrumbList\",\"@id\":\"https:\/\/www.toner-master.com\/blogs-news-details\/#breadcrumb\",\"itemListElement\":[{\"@type\":\"ListItem\",\"position\":1,\"name\":\"Home\",\"item\":\"https:\/\/www.toner-master.com\/\"},{\"@type\":\"ListItem\",\"position\":2,\"name\":\"Blogs &#038; News Details\"}]},{\"@type\":\"WebSite\",\"@id\":\"https:\/\/www.toner-master.com\/#website\",\"url\":\"https:\/\/www.toner-master.com\/\",\"name\":\"Tonermaster\",\"description\":\"\",\"publisher\":{\"@id\":\"https:\/\/www.toner-master.com\/#organization\"},\"potentialAction\":[{\"@type\":\"SearchAction\",\"target\":{\"@type\":\"EntryPoint\",\"urlTemplate\":\"https:\/\/www.toner-master.com\/?s={search_term_string}\"},\"query-input\":\"required name=search_term_string\"}],\"inLanguage\":\"fr-FR\"},{\"@type\":\"Organization\",\"@id\":\"https:\/\/www.toner-master.com\/#organization\",\"name\":\"Tonermaster\",\"url\":\"https:\/\/www.toner-master.com\/\",\"sameAs\":[],\"logo\":{\"@type\":\"ImageObject\",\"inLanguage\":\"fr-FR\",\"@id\":\"https:\/\/www.toner-master.com\/#\/schema\/logo\/image\/\",\"url\":\"https:\/\/www.toner-master.com\/wp-content\/uploads\/2021\/03\/TonerMaster-T.png\",\"contentUrl\":\"https:\/\/www.toner-master.com\/wp-content\/uploads\/2021\/03\/TonerMaster-T.png\",\"width\":103,\"height\":89,\"caption\":\"Tonermaster\"},\"image\":{\"@id\":\"https:\/\/www.toner-master.com\/#\/schema\/logo\/image\/\"}}]}<\/script>\n<!-- \/ Yoast SEO plugin. -->","yoast_head_json":{"title":"Blogs & News | Toner Master","description":"Stay updated with the latest news and details in the printing industry. Toner Master is the market leader in providing cost-effective printing solutions.","robots":{"index":"index","follow":"follow","max-snippet":"max-snippet:-1","max-image-preview":"max-image-preview:large","max-video-preview":"max-video-preview:-1"},"canonical":"https:\/\/www.toner-master.com\/fr\/blogs-news-details\/","og_locale":"fr_FR","og_type":"article","og_title":"Blogs & News | Toner Master","og_description":"Stay updated with the latest news and details in the printing industry. Toner Master is the market leader in providing cost-effective printing solutions.","og_url":"https:\/\/www.toner-master.com\/fr\/blogs-news-details\/","og_site_name":"Tonermaster","article_modified_time":"2024-07-27T09:39:08+00:00","og_image":[{"url":"https:\/\/www.toner-master.com\/wp-content\/uploads\/2022\/11\/Group-263.png"}],"twitter_card":"summary_large_image","twitter_misc":{"Est. reading time":"15 minutes"},"schema":{"@context":"https:\/\/schema.org","@graph":[{"@type":"WebPage","@id":"https:\/\/www.toner-master.com\/blogs-news-details\/","url":"https:\/\/www.toner-master.com\/blogs-news-details\/","name":"Blogs & News | Toner Master","isPartOf":{"@id":"https:\/\/www.toner-master.com\/#website"},"datePublished":"2022-11-22T06:27:50+00:00","dateModified":"2024-07-27T09:39:08+00:00","description":"Stay updated with the latest news and details in the printing industry. Toner Master is the market leader in providing cost-effective printing solutions.","breadcrumb":{"@id":"https:\/\/www.toner-master.com\/blogs-news-details\/#breadcrumb"},"inLanguage":"fr-FR","potentialAction":[{"@type":"ReadAction","target":["https:\/\/www.toner-master.com\/blogs-news-details\/"]}]},{"@type":"BreadcrumbList","@id":"https:\/\/www.toner-master.com\/blogs-news-details\/#breadcrumb","itemListElement":[{"@type":"ListItem","position":1,"name":"Home","item":"https:\/\/www.toner-master.com\/"},{"@type":"ListItem","position":2,"name":"Blogs &#038; News Details"}]},{"@type":"WebSite","@id":"https:\/\/www.toner-master.com\/#website","url":"https:\/\/www.toner-master.com\/","name":"Tonermaster","description":"","publisher":{"@id":"https:\/\/www.toner-master.com\/#organization"},"potentialAction":[{"@type":"SearchAction","target":{"@type":"EntryPoint","urlTemplate":"https:\/\/www.toner-master.com\/?s={search_term_string}"},"query-input":"required name=search_term_string"}],"inLanguage":"fr-FR"},{"@type":"Organization","@id":"https:\/\/www.toner-master.com\/#organization","name":"Tonermaster","url":"https:\/\/www.toner-master.com\/","sameAs":[],"logo":{"@type":"ImageObject","inLanguage":"fr-FR","@id":"https:\/\/www.toner-master.com\/#\/schema\/logo\/image\/","url":"https:\/\/www.toner-master.com\/wp-content\/uploads\/2021\/03\/TonerMaster-T.png","contentUrl":"https:\/\/www.toner-master.com\/wp-content\/uploads\/2021\/03\/TonerMaster-T.png","width":103,"height":89,"caption":"Tonermaster"},"image":{"@id":"https:\/\/www.toner-master.com\/#\/schema\/logo\/image\/"}}]}},"_links":{"self":[{"href":"https:\/\/www.toner-master.com\/fr\/wp-json\/wp\/v2\/pages\/308"}],"collection":[{"href":"https:\/\/www.toner-master.com\/fr\/wp-json\/wp\/v2\/pages"}],"about":[{"href":"https:\/\/www.toner-master.com\/fr\/wp-json\/wp\/v2\/types\/page"}],"author":[{"embeddable":true,"href":"https:\/\/www.toner-master.com\/fr\/wp-json\/wp\/v2\/users\/6"}],"replies":[{"embeddable":true,"href":"https:\/\/www.toner-master.com\/fr\/wp-json\/wp\/v2\/comments?post=308"}],"version-history":[{"count":0,"href":"https:\/\/www.toner-master.com\/fr\/wp-json\/wp\/v2\/pages\/308\/revisions"}],"wp:attachment":[{"href":"https:\/\/www.toner-master.com\/fr\/wp-json\/wp\/v2\/media?parent=308"}],"curies":[{"name":"wp","href":"https:\/\/api.w.org\/{rel}","templated":true}]}}